{"id":162,"date":"2021-03-18T18:57:53","date_gmt":"2021-03-18T17:57:53","guid":{"rendered":"https:\/\/popis.gajniak.sk\/?page_id=162"},"modified":"2021-03-22T16:51:54","modified_gmt":"2021-03-22T15:51:54","slug":"magazine","status":"publish","type":"page","link":"https:\/\/popis.gajniak.sk\/?page_id=162","title":{"rendered":"MAGAZINE"},"content":{"rendered":"\n<div class=\"wp-block-columns\">\n<div class=\"wp-block-column\" style=\"flex-basis:66.66%\">\n<div class=\"wp-block-columns\">\n<div class=\"wp-block-column\">\n<figure class=\"wp-block-image size-large is-style-default\" id=\"whitos\"><img width=\"1024\" height=\"683\" src=\"https:\/\/popis.gajniak.sk\/wp-content\/uploads\/2021\/03\/store-5619201_1920-1024x683.jpg\" alt=\"\" class=\"wp-image-237\" srcset=\"https:\/\/popis.gajniak.sk\/wp-content\/uploads\/2021\/03\/store-5619201_1920-1024x683.jpg 1024w, https:\/\/popis.gajniak.sk\/wp-content\/uploads\/2021\/03\/store-5619201_1920-300x200.jpg 300w, https:\/\/popis.gajniak.sk\/wp-content\/uploads\/2021\/03\/store-5619201_1920-768x512.jpg 768w, https:\/\/popis.gajniak.sk\/wp-content\/uploads\/2021\/03\/store-5619201_1920-1536x1024.jpg 1536w, https:\/\/popis.gajniak.sk\/wp-content\/uploads\/2021\/03\/store-5619201_1920-24x16.jpg 24w, https:\/\/popis.gajniak.sk\/wp-content\/uploads\/2021\/03\/store-5619201_1920-36x24.jpg 36w, https:\/\/popis.gajniak.sk\/wp-content\/uploads\/2021\/03\/store-5619201_1920-48x32.jpg 48w, https:\/\/popis.gajniak.sk\/wp-content\/uploads\/2021\/03\/store-5619201_1920.jpg 1920w\" sizes=\"(max-width: 1024px) 100vw, 1024px\" \/><\/figure>\n<\/div>\n\n\n\n<div class=\"wp-block-column\">\n<figure class=\"wp-block-image size-large\"><img width=\"1024\" height=\"683\" src=\"https:\/\/popis.gajniak.sk\/wp-content\/uploads\/2021\/03\/shutterstock_1397769977-1024x683.jpg\" alt=\"\" class=\"wp-image-235\" srcset=\"https:\/\/popis.gajniak.sk\/wp-content\/uploads\/2021\/03\/shutterstock_1397769977-1024x683.jpg 1024w, https:\/\/popis.gajniak.sk\/wp-content\/uploads\/2021\/03\/shutterstock_1397769977-300x200.jpg 300w, https:\/\/popis.gajniak.sk\/wp-content\/uploads\/2021\/03\/shutterstock_1397769977-768x512.jpg 768w, https:\/\/popis.gajniak.sk\/wp-content\/uploads\/2021\/03\/shutterstock_1397769977-1536x1024.jpg 1536w, https:\/\/popis.gajniak.sk\/wp-content\/uploads\/2021\/03\/shutterstock_1397769977-2048x1365.jpg 2048w, https:\/\/popis.gajniak.sk\/wp-content\/uploads\/2021\/03\/shutterstock_1397769977-24x16.jpg 24w, https:\/\/popis.gajniak.sk\/wp-content\/uploads\/2021\/03\/shutterstock_1397769977-36x24.jpg 36w, https:\/\/popis.gajniak.sk\/wp-content\/uploads\/2021\/03\/shutterstock_1397769977-48x32.jpg 48w\" sizes=\"(max-width: 1024px) 100vw, 1024px\" \/><\/figure>\n<\/div>\n<\/div>\n\n\n\n<div class=\"wp-block-columns\">\n<div class=\"wp-block-column\">\n<div class=\"schema-faq wp-block-yoast-faq-block\"><div class=\"schema-faq-section\" id=\"faq-question-1616428024025\"><strong class=\"schema-faq-question\"><\/strong> <p class=\"schema-faq-answer\"><img alt=\"\" src=\"https:\/\/popis.gajniak.sk\/wp-content\/uploads\/2021\/03\/exhibit-image-content.png\"\/><\/p> <\/div> <\/div>\n<\/div>\n<\/div>\n<\/div>\n\n\n\n<div class=\"wp-block-column\" style=\"flex-basis:33.33%\">\n<div class=\"wp-block-columns\">\n<div class=\"wp-block-column\">\n<figure class=\"wp-block-table is-style-regular\"><table class=\"has-fixed-layout\"><tbody><tr><td class=\"has-text-align-center\" data-align=\"center\">AIRPORT<\/td><\/tr><\/tbody><\/table><\/figure>\n<\/div>\n\n\n\n<div class=\"wp-block-column\">\n<figure class=\"wp-block-table is-style-regular\"><table><tbody><tr><td class=\"has-text-align-center\" data-align=\"center\">AIR CARGO<\/td><\/tr><\/tbody><\/table><\/figure>\n<\/div>\n<\/div>\n\n\n\n<div class=\"wp-block-columns\">\n<div class=\"wp-block-column\">\n<figure class=\"wp-block-embed is-type-video is-provider-youtube wp-block-embed-youtube wp-embed-aspect-4-3 wp-has-aspect-ratio\"><div class=\"wp-block-embed__wrapper\">\n<iframe title=\"IMT Smile - Bozk\" width=\"640\" height=\"480\" src=\"https:\/\/www.youtube.com\/embed\/yNNMuo3omYQ?feature=oembed\" frameborder=\"0\" allow=\"accelerometer; autoplay; clipboard-write; encrypted-media; gyroscope; picture-in-picture\" allowfullscreen><\/iframe>\n<\/div><\/figure>\n<\/div>\n<\/div>\n<\/div>\n<\/div>\n\n\n\n<p><\/p>\n","protected":false},"excerpt":{"rendered":"","protected":false},"author":1,"featured_media":0,"parent":0,"menu_order":0,"comment_status":"closed","ping_status":"closed","template":"","meta":{"_monsterinsights_skip_tracking":false,"_monsterinsights_sitenote_active":false,"_monsterinsights_sitenote_note":"","_monsterinsights_sitenote_category":0},"yoast_head":"<!-- This site is optimized with the Yoast SEO plugin v15.7 - https:\/\/yoast.com\/wordpress\/plugins\/seo\/ -->\n<title>MAGAZINE - WOF<\/title>\n<meta name=\"robots\" content=\"index, follow, max-snippet:-1, max-image-preview:large, max-video-preview:-1\" \/>\n<link rel=\"canonical\" href=\"https:\/\/popis.gajniak.sk\/?page_id=162\" \/>\n<meta property=\"og:locale\" content=\"sk_SK\" \/>\n<meta property=\"og:type\" content=\"article\" \/>\n<meta property=\"og:title\" content=\"MAGAZINE - WOF\" \/>\n<meta property=\"og:url\" content=\"https:\/\/popis.gajniak.sk\/?page_id=162\" \/>\n<meta property=\"og:site_name\" content=\"WOF\" \/>\n<meta property=\"article:modified_time\" content=\"2021-03-22T15:51:54+00:00\" \/>\n<meta property=\"og:image\" content=\"https:\/\/popis.gajniak.sk\/wp-content\/uploads\/2021\/03\/store-5619201_1920-1024x683.jpg\" \/>\n<meta name=\"twitter:card\" content=\"summary_large_image\" \/>\n<meta name=\"twitter:label1\" content=\"Predpokladan\u00fd \u010das \u010d\u00edtania\">\n\t<meta name=\"twitter:data1\" content=\"1 min\u00fata\">\n<script type=\"application\/ld+json\" class=\"yoast-schema-graph\">{\"@context\":\"https:\/\/schema.org\",\"@graph\":[{\"@type\":\"WebSite\",\"@id\":\"https:\/\/popis.gajniak.sk\/#website\",\"url\":\"https:\/\/popis.gajniak.sk\/\",\"name\":\"WOF\",\"description\":\"\",\"potentialAction\":[{\"@type\":\"SearchAction\",\"target\":\"https:\/\/popis.gajniak.sk\/?s={search_term_string}\",\"query-input\":\"required name=search_term_string\"}],\"inLanguage\":\"sk-SK\"},{\"@type\":\"ImageObject\",\"@id\":\"https:\/\/popis.gajniak.sk\/?page_id=162#primaryimage\",\"inLanguage\":\"sk-SK\",\"url\":\"https:\/\/popis.gajniak.sk\/wp-content\/uploads\/2021\/03\/store-5619201_1920.jpg\",\"width\":1920,\"height\":1280},{\"@type\":[\"WebPage\",\"FAQPage\"],\"@id\":\"https:\/\/popis.gajniak.sk\/?page_id=162#webpage\",\"url\":\"https:\/\/popis.gajniak.sk\/?page_id=162\",\"name\":\"MAGAZINE - WOF\",\"isPartOf\":{\"@id\":\"https:\/\/popis.gajniak.sk\/#website\"},\"primaryImageOfPage\":{\"@id\":\"https:\/\/popis.gajniak.sk\/?page_id=162#primaryimage\"},\"datePublished\":\"2021-03-18T17:57:53+00:00\",\"dateModified\":\"2021-03-22T15:51:54+00:00\",\"inLanguage\":\"sk-SK\",\"potentialAction\":[{\"@type\":\"ReadAction\",\"target\":[\"https:\/\/popis.gajniak.sk\/?page_id=162\"]}]},{\"@type\":\"ItemList\",\"mainEntityOfPage\":{\"@id\":\"https:\/\/popis.gajniak.sk\/?page_id=162#webpage\"},\"numberOfItems\":1,\"itemListElement\":[{\"@id\":\"https:\/\/popis.gajniak.sk\/?page_id=162#faq-question-1616428024025\"}]},{\"@type\":\"Question\",\"@id\":\"https:\/\/popis.gajniak.sk\/?page_id=162#faq-question-1616428024025\",\"position\":1,\"url\":\"https:\/\/popis.gajniak.sk\/?page_id=162#faq-question-1616428024025\",\"name\":\"\",\"answerCount\":1,\"acceptedAnswer\":{\"@type\":\"Answer\",\"text\":\"\",\"inLanguage\":\"sk-SK\"},\"inLanguage\":\"sk-SK\"}]}<\/script>\n<!-- \/ Yoast SEO plugin. -->","_links":{"self":[{"href":"https:\/\/popis.gajniak.sk\/index.php?rest_route=\/wp\/v2\/pages\/162"}],"collection":[{"href":"https:\/\/popis.gajniak.sk\/index.php?rest_route=\/wp\/v2\/pages"}],"about":[{"href":"https:\/\/popis.gajniak.sk\/index.php?rest_route=\/wp\/v2\/types\/page"}],"author":[{"embeddable":true,"href":"https:\/\/popis.gajniak.sk\/index.php?rest_route=\/wp\/v2\/users\/1"}],"replies":[{"embeddable":true,"href":"https:\/\/popis.gajniak.sk\/index.php?rest_route=%2Fwp%2Fv2%2Fcomments&post=162"}],"version-history":[{"count":6,"href":"https:\/\/popis.gajniak.sk\/index.php?rest_route=\/wp\/v2\/pages\/162\/revisions"}],"predecessor-version":[{"id":283,"href":"https:\/\/popis.gajniak.sk\/index.php?rest_route=\/wp\/v2\/pages\/162\/revisions\/283"}],"wp:attachment":[{"href":"https:\/\/popis.gajniak.sk\/index.php?rest_route=%2Fwp%2Fv2%2Fmedia&parent=162"}],"curies":[{"name":"wp","href":"https:\/\/api.w.org\/{rel}","templated":true}]}}