{"id":334,"date":"2021-03-24T21:16:53","date_gmt":"2021-03-24T20:16:53","guid":{"rendered":"https:\/\/popis.gajniak.sk\/?page_id=334"},"modified":"2021-03-26T06:20:12","modified_gmt":"2021-03-26T05:20:12","slug":"homepage","status":"publish","type":"page","link":"https:\/\/popis.gajniak.sk\/","title":{"rendered":"Homepage"},"content":{"rendered":"\n<div class=\"wp-block-columns\">\n<div class=\"wp-block-column\">\n<div class=\"wp-block-cover has-background-dim\" style=\"background-image:url(https:\/\/popis.gajniak.sk\/wp-content\/uploads\/2021\/03\/exhibit-home-bg.jpg)\"><div class=\"wp-block-cover__inner-container\">\n<p class=\"has-text-align-center has-large-font-size\">EXHIBIT<\/p>\n\n\n\n<p class=\"has-text-align-center\">Central and Eastern Europe leading exhibition. Find all your freight solutions under one roof<\/p>\n<\/div><\/div>\n<\/div>\n\n\n\n<div class=\"wp-block-column\">\n<div class=\"wp-block-cover has-background-dim\" style=\"background-image:url(https:\/\/popis.gajniak.sk\/wp-content\/uploads\/2021\/03\/exhibitors-home-bg.jpg)\"><div class=\"wp-block-cover__inner-container\">\n<p class=\"has-text-align-center has-large-font-size\">EXHIBITORS<\/p>\n\n\n\n<p class=\"has-text-align-center\">Build connections. Do business. Make friends.<\/p>\n<\/div><\/div>\n<\/div>\n\n\n\n<div class=\"wp-block-column\">\n<div class=\"wp-block-cover has-background-dim\" style=\"background-image:url(https:\/\/popis.gajniak.sk\/wp-content\/uploads\/2021\/03\/visitors-home-bg.jpg)\"><div class=\"wp-block-cover__inner-container\">\n<p class=\"has-text-align-center has-large-font-size\">VISITORS<\/p>\n\n\n\n<p class=\"has-text-align-center\">Meet and network with\u00a0market leading\u00a0exhibitors from across the transport and logistics industry.<\/p>\n<\/div><\/div>\n<\/div>\n<\/div>\n\n\n\n<p><\/p>\n","protected":false},"excerpt":{"rendered":"","protected":false},"author":1,"featured_media":0,"parent":0,"menu_order":0,"comment_status":"closed","ping_status":"closed","template":"","meta":{"_monsterinsights_skip_tracking":false,"_monsterinsights_sitenote_active":false,"_monsterinsights_sitenote_note":"","_monsterinsights_sitenote_category":0},"yoast_head":"<!-- This site is optimized with the Yoast SEO plugin v15.7 - https:\/\/yoast.com\/wordpress\/plugins\/seo\/ -->\n<title>Homepage - WOF<\/title>\n<meta name=\"robots\" content=\"index, follow, max-snippet:-1, max-image-preview:large, max-video-preview:-1\" \/>\n<link rel=\"canonical\" href=\"https:\/\/popis.gajniak.sk\/\" \/>\n<meta property=\"og:locale\" content=\"sk_SK\" \/>\n<meta property=\"og:type\" content=\"article\" \/>\n<meta property=\"og:title\" content=\"Homepage - WOF\" \/>\n<meta property=\"og:url\" content=\"https:\/\/popis.gajniak.sk\/\" \/>\n<meta property=\"og:site_name\" content=\"WOF\" \/>\n<meta property=\"article:modified_time\" content=\"2021-03-26T05:20:12+00:00\" \/>\n<meta name=\"twitter:card\" content=\"summary_large_image\" \/>\n<meta name=\"twitter:label1\" content=\"Predpokladan\u00fd \u010das \u010d\u00edtania\">\n\t<meta name=\"twitter:data1\" content=\"1 min\u00fata\">\n<script type=\"application\/ld+json\" class=\"yoast-schema-graph\">{\"@context\":\"https:\/\/schema.org\",\"@graph\":[{\"@type\":\"WebSite\",\"@id\":\"https:\/\/popis.gajniak.sk\/#website\",\"url\":\"https:\/\/popis.gajniak.sk\/\",\"name\":\"WOF\",\"description\":\"\",\"potentialAction\":[{\"@type\":\"SearchAction\",\"target\":\"https:\/\/popis.gajniak.sk\/?s={search_term_string}\",\"query-input\":\"required name=search_term_string\"}],\"inLanguage\":\"sk-SK\"},{\"@type\":\"WebPage\",\"@id\":\"https:\/\/popis.gajniak.sk\/#webpage\",\"url\":\"https:\/\/popis.gajniak.sk\/\",\"name\":\"Homepage - WOF\",\"isPartOf\":{\"@id\":\"https:\/\/popis.gajniak.sk\/#website\"},\"datePublished\":\"2021-03-24T20:16:53+00:00\",\"dateModified\":\"2021-03-26T05:20:12+00:00\",\"inLanguage\":\"sk-SK\",\"potentialAction\":[{\"@type\":\"ReadAction\",\"target\":[\"https:\/\/popis.gajniak.sk\/\"]}]}]}<\/script>\n<!-- \/ Yoast SEO plugin. -->","_links":{"self":[{"href":"https:\/\/popis.gajniak.sk\/index.php?rest_route=\/wp\/v2\/pages\/334"}],"collection":[{"href":"https:\/\/popis.gajniak.sk\/index.php?rest_route=\/wp\/v2\/pages"}],"about":[{"href":"https:\/\/popis.gajniak.sk\/index.php?rest_route=\/wp\/v2\/types\/page"}],"author":[{"embeddable":true,"href":"https:\/\/popis.gajniak.sk\/index.php?rest_route=\/wp\/v2\/users\/1"}],"replies":[{"embeddable":true,"href":"https:\/\/popis.gajniak.sk\/index.php?rest_route=%2Fwp%2Fv2%2Fcomments&post=334"}],"version-history":[{"count":5,"href":"https:\/\/popis.gajniak.sk\/index.php?rest_route=\/wp\/v2\/pages\/334\/revisions"}],"predecessor-version":[{"id":347,"href":"https:\/\/popis.gajniak.sk\/index.php?rest_route=\/wp\/v2\/pages\/334\/revisions\/347"}],"wp:attachment":[{"href":"https:\/\/popis.gajniak.sk\/index.php?rest_route=%2Fwp%2Fv2%2Fmedia&parent=334"}],"curies":[{"name":"wp","href":"https:\/\/api.w.org\/{rel}","templated":true}]}}